{"id":6,"date":"2022-03-15T14:44:07","date_gmt":"2022-03-15T13:44:07","guid":{"rendered":"http:\/\/lowarka.pl\/nowa\/?page_id=6"},"modified":"2024-04-04T13:27:57","modified_gmt":"2024-04-04T11:27:57","slug":"rodo","status":"publish","type":"page","link":"https:\/\/lowarka.pl\/nowa\/rodo\/","title":{"rendered":"RODO"},"content":{"rendered":"\n<h4 class=\"wp-block-heading has-background\" style=\"background-color:#eff3f9;font-style:normal;font-weight:900\">RODO<\/h4>\n\n\n\n<figure class=\"wp-block-table\"><table class=\"has-fixed-layout\"><tbody><tr><td>Inspektor<\/td><td>\u0141ukasz Kalinowski<\/td><\/tr><tr><td>E-mail<\/td><td>inspektor@cbi24.pl<\/td><\/tr><\/tbody><\/table><figcaption class=\"wp-element-caption\"><br><\/figcaption><\/figure>\n\n\n\n<h4 class=\"wp-block-heading has-background\" style=\"background-color:#eff3f9;font-style:normal;font-weight:900\">OBOWI\u0104ZEK INFORMACYJNY<\/h4>\n\n\n\n<p>Na podstawie art. 13 ust. 1 i 2 Rozporz\u0105dzenia Parlamentu Europejskiego i Rady (UE) 2016\/679 z 27 kwietnia 2016 r. w sprawie ochrony os\u00f3b fizycznych w zwi\u0105zku z przetwarzaniem danych osobowych i w sprawie swobodnego przep\u0142ywu takich danych oraz uchylenia dyrektywy 95\/46\/WE (Dz.U.UE.L. z 2016r. Nr 119, s.1 ze zm.) &#8211; dalej: \u201eRODO\u201d informuj\u0119, \u017ce:<\/p>\n\n\n\n<ol class=\"wp-block-list\">\n<li>Administratorem Pa\u0144stwa danych jest <strong>Liceum Og\u00f3lnokszta\u0142c\u0105ce im. Piotra Wysockiego w Warce ul. Warszawska 45, 05-660 Warka<\/strong><\/li>\n\n\n\n<li>Administrator wyznaczy\u0142 Inspektora Ochrony Danych, z kt\u00f3rym mog\u0105 si\u0119 Pa\u0144stwo kontaktowa\u0107 we wszystkich sprawach dotycz\u0105cych przetwarzania danych osobowych za po\u015brednictwem adresu email: inspektor@cbi24.pl lub pisemnie na adres Administratora.\u00a0<\/li>\n\n\n\n<li>Pa\u0144stwa dane osobowe b\u0119d\u0105 przetwarzane w celu realizacji zada\u0144 statutowych szko\u0142y, jak r\u00f3wnie\u017c w celu realizacji praw oraz obowi\u0105zk\u00f3w wynikaj\u0105cych<br>z przepis\u00f3w prawa (art. 6 ust. 1 lit. c RODO) oraz ustawy z dnia 14 grudnia 2016 r. Prawo o\u015bwiatowe<\/li>\n\n\n\n<li>Pa\u0144stwa dane osobowe b\u0119d\u0105 przetwarzane przez okres niezb\u0119dny do realizacji ww. celu z uwzgl\u0119dnieniem okres\u00f3w przechowywania okre\u015blonych w przepisach szczeg\u00f3lnych,<br>w tym przepis\u00f3w archiwalnych.\u00a0<\/li>\n\n\n\n<li>Pa\u0144stwa dane nie b\u0119d\u0105 przetwarzane w spos\u00f3b zautomatyzowany, w tym nie b\u0119d\u0105 podlega\u0107 profilowaniu.<\/li>\n\n\n\n<li>Pa\u0144stwa dane osobowych nie b\u0119d\u0105 przekazywane poza Europejski Obszar Gospodarczy (obejmuj\u0105cy Uni\u0119 Europejsk\u0105, Norwegi\u0119, Liechtenstein i Islandi\u0119).<\/li>\n\n\n\n<li>W zwi\u0105zku z przetwarzaniem Pa\u0144stwa danych osobowych, przys\u0142uguj\u0105 Pa\u0144stwu nast\u0119puj\u0105ce prawa:<br>a) prawo dost\u0119pu do swoich danych oraz otrzymania ich kopii;<br>b) prawo do sprostowania (poprawiania) swoich danych osobowych;<br>c)\u00a0prawo do ograniczenia przetwarzania danych osobowych;<br>d) prawo wniesienia skargi do Prezesa Urz\u0119du Ochrony Danych Osobowych\u00a0(ul. Stawki 2, 00-193 Warszawa), w\u00a0sytuacji, gdy uzna Pani\/Pan, \u017ce przetwarzanie danych osobowych narusza przepisy og\u00f3lnego rozporz\u0105dzenia o ochronie danych osobowych (RODO);<\/li>\n\n\n\n<li>Podanie przez Pa\u0144stwa danych osobowych jest obowi\u0105zkowe. Nieprzekazanie danych skutkowa\u0107 b\u0119dzie brakiem realizacji celu, o kt\u00f3rym mowa w punkcie 3.<\/li>\n\n\n\n<li>Pa\u0144stwa dane mog\u0105 zosta\u0107 przekazane podmiotom zewn\u0119trznym na podstawie umowy powierzenia przetwarzania danych osobowych, a tak\u017ce podmiotom lub organom uprawnionym na podstawie przepis\u00f3w prawa.<\/li>\n<\/ol>\n\n\n\n<div class=\"wp-block-columns is-layout-flex wp-container-core-columns-is-layout-9d6595d7 wp-block-columns-is-layout-flex\">\n<div class=\"wp-block-column is-layout-flow wp-block-column-is-layout-flow\" style=\"flex-basis:66.66%\">\n<h2 class=\"wp-block-heading has-text-align-center\">Klauzula informacyjna<\/h2>\n<\/div>\n\n\n\n<div class=\"wp-block-column is-vertically-aligned-bottom is-layout-flow wp-block-column-is-layout-flow\" style=\"flex-basis:33.33%\">\n<figure class=\"wp-block-image size-full is-resized is-style-default\"><a href=\"http:\/\/lowarka.pl\/nowa\/wp-content\/uploads\/2022\/03\/Klauzula-informacyjna-przeslanka-umowy-12-3.pdf\" target=\"_blank\" rel=\"noopener\"><img decoding=\"async\" width=\"100\" height=\"50\" src=\"http:\/\/lowarka.pl\/nowa\/wp-content\/uploads\/2022\/03\/otwo\u0301rz3.png\" alt=\"\" class=\"wp-image-627\" style=\"width:75px;height:38px\"\/><\/a><\/figure>\n<\/div>\n<\/div>\n\n\n\n<p><\/p>\n","protected":false},"excerpt":{"rendered":"<p>RODO Inspektor \u0141ukasz Kalinowski E-mail inspektor@cbi24.pl OBOWI\u0104ZEK INFORMACYJNY Na podstawie art. 13 ust. 1 i 2 Rozporz\u0105dzenia Parlamentu Europejskiego i Rady (UE) 2016\/679 z 27 kwietnia 2016 r. w sprawie ochrony os\u00f3b fizycznych w zwi\u0105zku z przetwarzaniem danych osobowych i w sprawie swobodnego przep\u0142ywu takich danych oraz uchylenia dyrektywy 95\/46\/WE (Dz.U.UE.L. z 2016r. Nr [&hellip;]<\/p>\n","protected":false},"author":1,"featured_media":0,"parent":0,"menu_order":0,"comment_status":"closed","ping_status":"closed","template":"template-builder.php","meta":{"footnotes":""},"class_list":["post-6","page","type-page","status-publish","hentry"],"_links":{"self":[{"href":"https:\/\/lowarka.pl\/nowa\/wp-json\/wp\/v2\/pages\/6","targetHints":{"allow":["GET"]}}],"collection":[{"href":"https:\/\/lowarka.pl\/nowa\/wp-json\/wp\/v2\/pages"}],"about":[{"href":"https:\/\/lowarka.pl\/nowa\/wp-json\/wp\/v2\/types\/page"}],"author":[{"embeddable":true,"href":"https:\/\/lowarka.pl\/nowa\/wp-json\/wp\/v2\/users\/1"}],"replies":[{"embeddable":true,"href":"https:\/\/lowarka.pl\/nowa\/wp-json\/wp\/v2\/comments?post=6"}],"version-history":[{"count":7,"href":"https:\/\/lowarka.pl\/nowa\/wp-json\/wp\/v2\/pages\/6\/revisions"}],"predecessor-version":[{"id":5326,"href":"https:\/\/lowarka.pl\/nowa\/wp-json\/wp\/v2\/pages\/6\/revisions\/5326"}],"wp:attachment":[{"href":"https:\/\/lowarka.pl\/nowa\/wp-json\/wp\/v2\/media?parent=6"}],"curies":[{"name":"wp","href":"https:\/\/api.w.org\/{rel}","templated":true}]}}