{"id":1582,"date":"2022-05-31T14:22:47","date_gmt":"2022-05-31T12:22:47","guid":{"rendered":"https:\/\/lowarka.pl\/nowa\/?page_id=1582"},"modified":"2025-09-05T14:20:21","modified_gmt":"2025-09-05T12:20:21","slug":"kontakt","status":"publish","type":"page","link":"https:\/\/lowarka.pl\/nowa\/kontakt\/","title":{"rendered":"Kontakt"},"content":{"rendered":"\n<h4 class=\"wp-block-heading has-background\" style=\"background-color:#eff3f9;font-style:normal;font-weight:900\"><strong>GODZINY PRACY SEKRETARIATU W ROKU SZKOLNYM 2025\/<\/strong>26<\/h4>\n\n\n\n<hr class=\"wp-block-separator has-css-opacity\"\/>\n\n\n\n<figure class=\"wp-block-table aligncenter is-style-regular\"><table class=\"has-fixed-layout\"><thead><tr><th class=\"has-text-align-left\" data-align=\"left\"><\/th><th class=\"has-text-align-right\" data-align=\"right\"><\/th><\/tr><\/thead><tbody><tr><td class=\"has-text-align-left\" data-align=\"left\">Poniedzia\u0142ek<\/td><td class=\"has-text-align-right\" data-align=\"right\">7:30 &#8211; 15:30<\/td><\/tr><tr><td class=\"has-text-align-left\" data-align=\"left\">Wtorek<\/td><td class=\"has-text-align-right\" data-align=\"right\">7:30 &#8211; 15:30<\/td><\/tr><tr><td class=\"has-text-align-left\" data-align=\"left\">\u015aroda<\/td><td class=\"has-text-align-right\" data-align=\"right\">7:30 &#8211; 15:30<\/td><\/tr><tr><td class=\"has-text-align-left\" data-align=\"left\">Czwartek<\/td><td class=\"has-text-align-right\" data-align=\"right\">7:30 &#8211; 15:30<\/td><\/tr><tr><td class=\"has-text-align-left\" data-align=\"left\">Pi\u0105tek<\/td><td class=\"has-text-align-right\" data-align=\"right\">7:30 &#8211; 15:30<\/td><\/tr><\/tbody><\/table><\/figure>\n\n\n\n<hr class=\"wp-block-separator has-css-opacity\"\/>\n\n\n\n<h4 class=\"wp-block-heading has-background\" style=\"background-color:#eff3f9;font-style:normal;font-weight:900\">KONTAKT Z SEKRETARIATEM<\/h4>\n\n\n\n<figure class=\"wp-block-table aligncenter\"><table class=\"has-fixed-layout\"><tbody><tr><td class=\"has-text-align-left\" data-align=\"left\">Adres<\/td><td class=\"has-text-align-left\" data-align=\"left\">ul. Warszawska 45, 05-660 Warka<\/td><\/tr><tr><td class=\"has-text-align-left\" data-align=\"left\">Telefon<\/td><td class=\"has-text-align-left\" data-align=\"left\">(48) 667 23 26<\/td><\/tr><tr><td class=\"has-text-align-left\" data-align=\"left\">Fax<\/td><td class=\"has-text-align-left\" data-align=\"left\">(48) 667 36 23<\/td><\/tr><tr><td class=\"has-text-align-left\" data-align=\"left\">E-mail<\/td><td class=\"has-text-align-left\" data-align=\"left\">sekretariat.lowarka@grojec.pl<\/td><\/tr><\/tbody><\/table><\/figure>\n","protected":false},"excerpt":{"rendered":"<p>GODZINY PRACY SEKRETARIATU W ROKU SZKOLNYM 2025\/26 Poniedzia\u0142ek 7:30 &#8211; 15:30 Wtorek 7:30 &#8211; 15:30 \u015aroda 7:30 &#8211; 15:30 Czwartek 7:30 &#8211; 15:30 Pi\u0105tek 7:30 &#8211; 15:30 KONTAKT Z SEKRETARIATEM Adres ul. Warszawska 45, 05-660 Warka Telefon (48) 667 23 26 Fax (48) 667 36 23 E-mail sekretariat.lowarka@grojec.pl<\/p>\n","protected":false},"author":1,"featured_media":0,"parent":0,"menu_order":0,"comment_status":"closed","ping_status":"closed","template":"template-builder.php","meta":{"footnotes":""},"class_list":["post-1582","page","type-page","status-publish","hentry"],"_links":{"self":[{"href":"https:\/\/lowarka.pl\/nowa\/wp-json\/wp\/v2\/pages\/1582","targetHints":{"allow":["GET"]}}],"collection":[{"href":"https:\/\/lowarka.pl\/nowa\/wp-json\/wp\/v2\/pages"}],"about":[{"href":"https:\/\/lowarka.pl\/nowa\/wp-json\/wp\/v2\/types\/page"}],"author":[{"embeddable":true,"href":"https:\/\/lowarka.pl\/nowa\/wp-json\/wp\/v2\/users\/1"}],"replies":[{"embeddable":true,"href":"https:\/\/lowarka.pl\/nowa\/wp-json\/wp\/v2\/comments?post=1582"}],"version-history":[{"count":5,"href":"https:\/\/lowarka.pl\/nowa\/wp-json\/wp\/v2\/pages\/1582\/revisions"}],"predecessor-version":[{"id":6908,"href":"https:\/\/lowarka.pl\/nowa\/wp-json\/wp\/v2\/pages\/1582\/revisions\/6908"}],"wp:attachment":[{"href":"https:\/\/lowarka.pl\/nowa\/wp-json\/wp\/v2\/media?parent=1582"}],"curies":[{"name":"wp","href":"https:\/\/api.w.org\/{rel}","templated":true}]}}