{"id":136,"date":"2022-03-19T17:51:48","date_gmt":"2022-03-19T16:51:48","guid":{"rendered":"http:\/\/lowarka.pl\/nowa\/?page_id=136"},"modified":"2022-09-13T22:29:20","modified_gmt":"2022-09-13T20:29:20","slug":"polecamy","status":"publish","type":"page","link":"https:\/\/lowarka.pl\/nowa\/polecamy\/","title":{"rendered":"Polecamy"},"content":{"rendered":"\n<h4 class=\"has-background wp-block-heading\" style=\"background-color:#eff3f9;font-style:normal;font-weight:900\">INTERNETOWY KONKURS &#8211; MATEMATYCZNE POJEDYNKI<\/h4>\n\n\n\n<p>Matematyczne Pojedynki to internetowy konkurs odbywaj\u0105cy si\u0119 poprzez Zooma. Modyfikacj\u0105 jak\u0105 wprowadzili\u015bmy w tym roku jest etap Preeliminacji, w kt\u00f3rym rozwi\u0105zania zada\u0144 nale\u017cy przes\u0142a\u0107&nbsp;<strong>do 13 listopada<\/strong>. Pozosta\u0142e etapy odbywaj\u0105 si\u0119&nbsp;<strong>19-20 listopada<\/strong>. Nasz Konkurs jest atrakcyjny ze wzgl\u0119du na swoj\u0105 formu\u0142\u0119, gdzie podczas etapu Pojedynk\u00f3w uczestnicy walcz\u0105 1 na 1 rozwi\u0105zuj\u0105c zadania.<\/p>\n\n\n\n<p>(z)\u0141am-i-g\u0142\u00f3wki to r\u00f3wnie\u017c konkurs internetowy. Jest on podzielony na 6 tur odbywaj\u0105cych si\u0119 co tydzie\u0144. Pierwsza tura rozpocznie si\u0119&nbsp;<strong>17 wrze\u015bnia<\/strong>, natomiast ostatnia zako\u0144czy si\u0119 29 pa\u017adziernika. Do ostatecznej punktacji b\u0119dzie branych pod uwag\u0119 5 najlepszych tur. Zadania dostosowane b\u0119d\u0105 do os\u00f3b, kt\u00f3re dopiero zaczynaj\u0105 swoj\u0105 przygod\u0119 z rozwi\u0105zywaniem \u0142amig\u0142\u00f3wek, wi\u0119c zach\u0119camy do udzia\u0142u ka\u017cdego.&nbsp;<\/p>\n\n\n\n<p>Prosimy, aby informacj\u0119 o Konkursach przekaza\u0107 uczniom. &nbsp;Po wi\u0119cej informacji oraz przyk\u0142adowe zadania zapraszamy na nasz\u0105 stron\u0119 internetow\u0105&nbsp;<a href=\"http:\/\/knm.im.pwr.wroc.pl\/\">http:\/\/knm.im.pwr.wroc.pl\/<\/a>&nbsp;Warto r\u00f3wnie\u017c \u015bledzi\u0107 wydarzenie (z)\u0141am-i-g\u0142\u00f3wki oraz fanpage\u2019a Matematycznych Pojedynk\u00f3w na Facebooku.<br><br>Z serdecznymi pozdrowieniami<br>Zarz\u0105d Ko\u0142a Naukowego Matematyki Politechniki Wroc\u0142awskiej<\/p>\n\n\n\n<h4 class=\"has-background wp-block-heading\" style=\"background-color:#eff3f9;font-style:normal;font-weight:900\">WYK\u0141ADY POPULARNONAUKOWE<\/h4>\n\n\n\n<p><strong>Cykl wyk\u0142ad\u00f3w popularnonaukowych <a href=\"https:\/\/www.polsl.pl\/rib\/dla-kandydata\/z-cyklu-inzynieria-biomedyczna-wokol-nas\/\" target=\"_blank\" rel=\"noreferrer noopener\">&#8222;IN\u017bYNIERIA BIOMEDYCZNA WOK\u00d3\u0141 NAS&#8221;<\/a><\/strong> to seria interesuj\u0105cych wyk\u0142ad\u00f3w popularnonaukowych.<br><\/p>\n\n\n\n<p>Wyk\u0142ady g\u0142oszone dotychczas:<\/p>\n\n\n\n<ul class=\"wp-block-list\"><li><a href=\"https:\/\/youtu.be\/siLUiTOogAQ\"><strong>Gwiezdne Wojny s\u0105 bli\u017cej ni\u017c my\u015blisz\u2026<\/strong> (dr S\u0142awomir Sucho\u0144)<\/a><\/li><\/ul>\n\n\n\n<ul class=\"wp-block-list\"><li><a href=\"https:\/\/youtu.be\/oecXzj0wwwI\"><strong>In\u017cynier i lekarz \u2013 wsp\u00f3lne dzie\u0142o<\/strong> (prof. Witold Walke)<\/a><\/li><\/ul>\n\n\n\n<ul class=\"wp-block-list\"><li><a href=\"https:\/\/youtu.be\/JXW5JxnY_AU\"><strong>Ile sinus\u00f3w jest w cz\u0142owieku i inne doniesienia z organizmu<\/strong> (prof. Pawe\u0142 Badura)<\/a><\/li><\/ul>\n\n\n\n<ul class=\"wp-block-list\"><li><a href=\"https:\/\/youtu.be\/wilQ_HxCins\"><strong>Bionika, czyli rzecz o procesach biologicznych w nauce<\/strong> (prof. Ewaryst Tkacz)<\/a><\/li><\/ul>\n\n\n\n<ul class=\"wp-block-list\"><li><a href=\"https:\/\/youtu.be\/Orz1ri-TVfg\"><strong>Modelowanie wypadk\u00f3w samochodowych<\/strong> (dr Micha\u0142 Burkacki)<\/a><\/li><\/ul>\n\n\n\n<ul class=\"wp-block-list\"><li><a href=\"https:\/\/youtu.be\/J1I0Zlb2aiw\"><strong>Dotknij pomys\u0142! Druk 3D w in\u017cynierii Biomedycznej<\/strong> (dr Wojciech Kajzer)<\/a><\/li><\/ul>\n\n\n\n<p><\/p>\n\n\n\n<p>Po wi\u0119cej informacji zapraszamy na stron\u0119 internetow\u0105 Wydzia\u0142u In\u017cynierii Biomedycznej: <a href=\"http:\/\/www.polsl.pl\/rib\">www.polsl.pl\/rib<\/a><\/p>\n\n\n\n<h4 class=\"has-background wp-block-heading\" style=\"background-color:#eff3f9;font-style:normal;font-weight:900\">STUDIUJ NA UNIWERSYTETACH ZA GRANIC\u0104<\/h4>\n\n\n\n<div class=\"wp-block-columns is-layout-flex wp-container-core-columns-is-layout-9d6595d7 wp-block-columns-is-layout-flex\">\n<div class=\"wp-block-column is-layout-flow wp-block-column-is-layout-flow\"><div class=\"wp-block-image\">\n<figure class=\"aligncenter size-full\"><a href=\"https:\/\/off.org.pl\/\" target=\"_blank\" rel=\"noopener\"><img fetchpriority=\"high\" decoding=\"async\" width=\"270\" height=\"186\" src=\"http:\/\/lowarka.pl\/nowa\/wp-content\/uploads\/2022\/03\/OFF.png\" alt=\"\" class=\"wp-image-631\"\/><\/a><\/figure>\n<\/div><\/div>\n\n\n\n<div class=\"wp-block-column is-layout-flow wp-block-column-is-layout-flow\">\n<p><strong>Our Future Foundation<\/strong> -Wspieramy polsk\u0105 m\u0142odzie\u017c w drodze na \u015bwiatowej klasy uniwersytety <\/p>\n\n\n\n<p>Celem programu mentoringowego Fundacji jest kompleksowe <strong>wsparcie zdolnych uczni\u00f3w na ich drodze na najlepsze uczelnie w USA, Wielkiej Brytanii, Holandii, Francji, Niemczech i W\u0142oszech<\/strong>. Podopieczni w<strong> wieku 15-19 lat<\/strong>, wy\u0142onieni w procesie kwalifikacji, pozostaj\u0105 pod opiek\u0105 do\u015bwiadczonych tutor\u00f3w \u2013 student\u00f3w presti\u017cowych \u015bwiatowych uniwersytet\u00f3w (m.in. University of Oxford, University of Cambridge, czy Harvard University), kt\u00f3rzy <strong>w trakcie indywidualnych spotka\u0144 pomog\u0105 w wyborze uczelni i kierunku oraz w przej\u015bciu z\u0142o\u017conego procesu aplikacji<\/strong>. Doradz\u0105 tak\u017ce przy rozpocz\u0119ciu odpowiedniej \u015bcie\u017cki kariery, a przede wszystkim pozwol\u0105 zdoby\u0107 cenn\u0105 wiedz\u0119 \u201ez pierwszej r\u0119ki\u201d na temat studi\u00f3w za granic\u0105. Wska\u017c\u0105 r\u00f3wnie\u017c dodatkowe mo\u017cliwo\u015bci finansowania zagranicznej edukacji.<\/p>\n<\/div>\n<\/div>\n","protected":false},"excerpt":{"rendered":"<p>INTERNETOWY KONKURS &#8211; MATEMATYCZNE POJEDYNKI Matematyczne Pojedynki to internetowy konkurs odbywaj\u0105cy si\u0119 poprzez Zooma. Modyfikacj\u0105 jak\u0105 wprowadzili\u015bmy w tym roku jest etap Preeliminacji, w kt\u00f3rym rozwi\u0105zania zada\u0144 nale\u017cy przes\u0142a\u0107&nbsp;do 13 listopada. Pozosta\u0142e etapy odbywaj\u0105 si\u0119&nbsp;19-20 listopada. Nasz Konkurs jest atrakcyjny ze wzgl\u0119du na swoj\u0105 formu\u0142\u0119, gdzie podczas etapu Pojedynk\u00f3w uczestnicy walcz\u0105 1 na 1 [&hellip;]<\/p>\n","protected":false},"author":1,"featured_media":0,"parent":0,"menu_order":0,"comment_status":"closed","ping_status":"closed","template":"template-builder.php","meta":{"footnotes":""},"class_list":["post-136","page","type-page","status-publish","hentry"],"_links":{"self":[{"href":"https:\/\/lowarka.pl\/nowa\/wp-json\/wp\/v2\/pages\/136","targetHints":{"allow":["GET"]}}],"collection":[{"href":"https:\/\/lowarka.pl\/nowa\/wp-json\/wp\/v2\/pages"}],"about":[{"href":"https:\/\/lowarka.pl\/nowa\/wp-json\/wp\/v2\/types\/page"}],"author":[{"embeddable":true,"href":"https:\/\/lowarka.pl\/nowa\/wp-json\/wp\/v2\/users\/1"}],"replies":[{"embeddable":true,"href":"https:\/\/lowarka.pl\/nowa\/wp-json\/wp\/v2\/comments?post=136"}],"version-history":[{"count":9,"href":"https:\/\/lowarka.pl\/nowa\/wp-json\/wp\/v2\/pages\/136\/revisions"}],"predecessor-version":[{"id":1992,"href":"https:\/\/lowarka.pl\/nowa\/wp-json\/wp\/v2\/pages\/136\/revisions\/1992"}],"wp:attachment":[{"href":"https:\/\/lowarka.pl\/nowa\/wp-json\/wp\/v2\/media?parent=136"}],"curies":[{"name":"wp","href":"https:\/\/api.w.org\/{rel}","templated":true}]}}