{"id":134,"date":"2022-03-19T17:51:48","date_gmt":"2022-03-19T16:51:48","guid":{"rendered":"http:\/\/lowarka.pl\/nowa\/?page_id=134"},"modified":"2026-02-13T14:25:16","modified_gmt":"2026-02-13T13:25:16","slug":"kola-zainteresowan-2021-2022","status":"publish","type":"page","link":"https:\/\/lowarka.pl\/nowa\/kola-zainteresowan-2021-2022\/","title":{"rendered":"Ko\u0142a zainteresowa\u0144"},"content":{"rendered":"\n<h4 class=\"wp-block-heading has-background\" style=\"background-color:#eff3f9;font-style:normal;font-weight:900\">KO\u0141O TEATRALNE<\/h4>\n\n\n\n<figure class=\"wp-block-table aligncenter\"><table class=\"has-fixed-layout\"><tbody><tr><td class=\"has-text-align-center\" data-align=\"center\">Pi\u0105tek<\/td><td class=\"has-text-align-center\" data-align=\"center\">14:15 &#8211; 15:00<\/td><td class=\"has-text-align-center\" data-align=\"center\">Ewa Karkowska<\/td><\/tr><\/tbody><\/table><\/figure>\n\n\n\n<h4 class=\"wp-block-heading has-background\" style=\"background-color:#eff3f9;font-style:normal;font-weight:900\">KO\u0141O PLASTYCZNE<\/h4>\n\n\n\n<figure class=\"wp-block-table aligncenter\"><table class=\"has-fixed-layout\"><tbody><tr><td class=\"has-text-align-center\" data-align=\"center\">Wtorek<\/td><td class=\"has-text-align-center\" data-align=\"center\">14:15 &#8211; 15:00<\/td><td class=\"has-text-align-center\" data-align=\"center\">Barbara Ignacak<\/td><\/tr><\/tbody><\/table><\/figure>\n\n\n\n<h4 class=\"wp-block-heading has-background\" style=\"background-color:#eff3f9;font-style:normal;font-weight:900\">KO\u0141O MATEMATYCZNE<\/h4>\n\n\n\n<figure class=\"wp-block-table aligncenter\"><table class=\"has-fixed-layout\"><tbody><tr><td class=\"has-text-align-center\" data-align=\"center\">Czwartek<\/td><td class=\"has-text-align-center\" data-align=\"center\">8:00 &#8211; 8:50<\/td><td class=\"has-text-align-center\" data-align=\"center\">Jolanta N\u0119dzo\u0142ek<\/td><\/tr><\/tbody><\/table><\/figure>\n","protected":false},"excerpt":{"rendered":"<p>KO\u0141O TEATRALNE Pi\u0105tek 14:15 &#8211; 15:00 Ewa Karkowska KO\u0141O PLASTYCZNE Wtorek 14:15 &#8211; 15:00 Barbara Ignacak KO\u0141O MATEMATYCZNE Czwartek 8:00 &#8211; 8:50 Jolanta N\u0119dzo\u0142ek<\/p>\n","protected":false},"author":1,"featured_media":0,"parent":0,"menu_order":0,"comment_status":"closed","ping_status":"closed","template":"template-builder.php","meta":{"footnotes":""},"class_list":["post-134","page","type-page","status-publish","hentry"],"_links":{"self":[{"href":"https:\/\/lowarka.pl\/nowa\/wp-json\/wp\/v2\/pages\/134","targetHints":{"allow":["GET"]}}],"collection":[{"href":"https:\/\/lowarka.pl\/nowa\/wp-json\/wp\/v2\/pages"}],"about":[{"href":"https:\/\/lowarka.pl\/nowa\/wp-json\/wp\/v2\/types\/page"}],"author":[{"embeddable":true,"href":"https:\/\/lowarka.pl\/nowa\/wp-json\/wp\/v2\/users\/1"}],"replies":[{"embeddable":true,"href":"https:\/\/lowarka.pl\/nowa\/wp-json\/wp\/v2\/comments?post=134"}],"version-history":[{"count":12,"href":"https:\/\/lowarka.pl\/nowa\/wp-json\/wp\/v2\/pages\/134\/revisions"}],"predecessor-version":[{"id":7242,"href":"https:\/\/lowarka.pl\/nowa\/wp-json\/wp\/v2\/pages\/134\/revisions\/7242"}],"wp:attachment":[{"href":"https:\/\/lowarka.pl\/nowa\/wp-json\/wp\/v2\/media?parent=134"}],"curies":[{"name":"wp","href":"https:\/\/api.w.org\/{rel}","templated":true}]}}