{"id":133,"date":"2022-03-19T17:51:48","date_gmt":"2022-03-19T16:51:48","guid":{"rendered":"http:\/\/lowarka.pl\/nowa\/?page_id=133"},"modified":"2026-04-22T16:49:47","modified_gmt":"2026-04-22T14:49:47","slug":"dla-maturzystow","status":"publish","type":"page","link":"https:\/\/lowarka.pl\/nowa\/dla-maturzystow\/","title":{"rendered":"Dla maturzyst\u00f3w"},"content":{"rendered":"\n<h4 class=\"wp-block-heading has-black-color has-text-color has-background\" style=\"background-color:#eff3f9\"><strong>HARMONOGRAM EGZAMIN\u00d3W MATURALNYCH 2025\/2026 w LO WARKA<\/strong><\/h4>\n\n\n\n<figure class=\"wp-block-table\"><table><tbody><tr><td class=\"has-text-align-center\" data-align=\"center\"><\/td><td class=\"has-text-align-center\" data-align=\"center\"><strong>Cz\u0119\u015b\u0107 pisemna egzaminu maturalnego<\/strong><\/td><td class=\"has-text-align-center\" data-align=\"center\"><\/td><\/tr><tr><td class=\"has-text-align-center\" data-align=\"center\"><\/td><td class=\"has-text-align-center\" data-align=\"center\"><strong>Godzina 9:00<\/strong><\/td><td class=\"has-text-align-center\" data-align=\"center\"><strong>Godzina 14:00<\/strong><\/td><\/tr><tr><td class=\"has-text-align-center\" data-align=\"center\"><strong>4 maja\/poniedzia\u0142ek<\/strong><\/td><td class=\"has-text-align-center\" data-align=\"center\">j\u0119zyk polski &#8211; pp<\/td><td class=\"has-text-align-center\" data-align=\"center\">&#8211;<\/td><\/tr><tr><td class=\"has-text-align-center\" data-align=\"center\"><strong>5 maja\/wtorek<\/strong><\/td><td class=\"has-text-align-center\" data-align=\"center\">matematyka &#8211; pp<\/td><td class=\"has-text-align-center\" data-align=\"center\">&#8211;<\/td><\/tr><tr><td class=\"has-text-align-center\" data-align=\"center\"><strong>6 maja\/\u015broda<\/strong><\/td><td class=\"has-text-align-center\" data-align=\"center\">j\u0119zyk angielski &#8211; pp<\/td><td class=\"has-text-align-center\" data-align=\"center\">&#8211;<\/td><\/tr><tr><td class=\"has-text-align-center\" data-align=\"center\"><strong>7 maja\/czwartek<\/strong><\/td><td class=\"has-text-align-center\" data-align=\"center\">angielski &#8211; pr<\/td><td class=\"has-text-align-center\" data-align=\"center\">&#8211;<\/td><\/tr><tr><td class=\"has-text-align-center\" data-align=\"center\"><strong>8 maja\/pi\u0105tek<\/strong><\/td><td class=\"has-text-align-center\" data-align=\"center\">biologia &#8211; pr<\/td><td class=\"has-text-align-center\" data-align=\"center\">&#8211;<\/td><\/tr><tr><td class=\"has-text-align-center\" data-align=\"center\"><strong>11 maja\/poniedzia\u0142ek<\/strong><\/td><td class=\"has-text-align-center\" data-align=\"center\">matematyka &#8211; pr<\/td><td class=\"has-text-align-center\" data-align=\"center\">&#8211;<\/td><\/tr><tr><td class=\"has-text-align-center\" data-align=\"center\"><strong>12 maja\/wtorek<\/strong><\/td><td class=\"has-text-align-center\" data-align=\"center\">wiedza o spo\u0142ecze\u0144stwie &#8211; pr<\/td><td class=\"has-text-align-center\" data-align=\"center\">j\u0119zyk niemiecki &#8211; pr<\/td><\/tr><tr><td class=\"has-text-align-center\" data-align=\"center\"><strong>13 maja\/pi\u0105tek<\/strong><\/td><td class=\"has-text-align-center\" data-align=\"center\">chemia &#8211; pr<\/td><td class=\"has-text-align-center\" data-align=\"center\">&#8211;<\/td><\/tr><tr><td class=\"has-text-align-center\" data-align=\"center\"><strong>14 maja\/\u015broda<\/strong><\/td><td class=\"has-text-align-center\" data-align=\"center\">informatyka &#8211; pr<\/td><td class=\"has-text-align-center\" data-align=\"center\">&#8211;<\/td><\/tr><tr><td class=\"has-text-align-center\" data-align=\"center\"><strong>15 maja\/czwartek<\/strong><\/td><td class=\"has-text-align-center\" data-align=\"center\">geografia &#8211; pr<\/td><td class=\"has-text-align-center\" data-align=\"center\">&#8211;<\/td><\/tr><tr><td class=\"has-text-align-center\" data-align=\"center\"><strong>18 maja\/poniedzia\u0142ek<\/strong><\/td><td class=\"has-text-align-center\" data-align=\"center\">historia &#8211; pr<\/td><td class=\"has-text-align-center\" data-align=\"center\">&#8211;<\/td><\/tr><tr><td class=\"has-text-align-center\" data-align=\"center\"><strong>20 maja\/\u015broda<\/strong><\/td><td class=\"has-text-align-center\" data-align=\"center\">j\u0119zyk polski &#8211; pr<\/td><td class=\"has-text-align-center\" data-align=\"center\">&#8211;<\/td><\/tr><\/tbody><\/table><\/figure>\n\n\n\n<p><\/p>\n\n\n\n<figure class=\"wp-block-table\"><table><tbody><tr><td><\/td><td class=\"has-text-align-center\" data-align=\"center\"><strong>Cz\u0119\u015b\u0107 ustna egzaminu maturalnego<\/strong><\/td><\/tr><tr><td><strong>8 maja\/pi\u0105tek<\/strong><\/td><td class=\"has-text-align-center\" data-align=\"center\">j\u0119zyk polski<\/td><\/tr><tr><td><strong>11 maja\/poniedzia\u0142ek<\/strong><\/td><td class=\"has-text-align-center\" data-align=\"center\">j\u0119zyk polski<\/td><\/tr><tr><td><strong>12 maja\/wtorek<\/strong><\/td><td class=\"has-text-align-center\" data-align=\"center\">j\u0119zyk polski<\/td><\/tr><tr><td><strong>14 maja\/czwartek<\/strong><\/td><td class=\"has-text-align-center\" data-align=\"center\">j\u0119zyk polski<\/td><\/tr><tr><td><strong>18 maja\/poniedzia\u0142ek<\/strong><\/td><td class=\"has-text-align-center\" data-align=\"center\">j\u0119zyk polski<\/td><\/tr><tr><td><strong>8 maja\/pi\u0105tek<\/strong><\/td><td class=\"has-text-align-center\" data-align=\"center\">j\u0119zyk angielski<\/td><\/tr><tr><td><strong>12 maja\/<strong>wtorek<\/strong><\/strong><\/td><td class=\"has-text-align-center\" data-align=\"center\">j\u0119zyk angielski<\/td><\/tr><tr><td><strong>13 maja\/\u015broda<\/strong><\/td><td class=\"has-text-align-center\" data-align=\"center\">j\u0119zyk angielski<\/td><\/tr><tr><td><strong>14 maja\/czwartek<\/strong><\/td><td class=\"has-text-align-center\" data-align=\"center\">j\u0119zyk angielski<\/td><\/tr><tr><td><strong>12 maja\/wtorek<\/strong><\/td><td class=\"has-text-align-center\" data-align=\"center\">j\u0119zyk niemiecki<\/td><\/tr><\/tbody><\/table><\/figure>\n\n\n\n<div class=\"wp-block-columns is-layout-flex wp-container-core-columns-is-layout-9d6595d7 wp-block-columns-is-layout-flex\">\n<div class=\"wp-block-column is-layout-flow wp-block-column-is-layout-flow\">\n<p>pp &#8211; poziom podstawowy<\/p>\n<\/div>\n\n\n\n<div class=\"wp-block-column is-layout-flow wp-block-column-is-layout-flow\">\n<p>pr &#8211; poziom rozszerzony<\/p>\n<\/div>\n<\/div>\n\n\n\n<h4 class=\"wp-block-heading has-background\" style=\"background-color:#eff3f9;font-style:normal;font-weight:900\">EGZAMIN MATURALNY 2026<\/h4>\n\n\n\n<ul class=\"wp-block-list\">\n<li><a href=\"https:\/\/cke.gov.pl\/egzamin-maturalny\/egzamin-maturalny-w-formule-2023\/o-egzaminie\/\" target=\"_blank\" rel=\"noreferrer noopener\">O egzaminie maturalnym w formule 2025\/26 r.<\/a><br><\/li>\n\n\n\n<li><a href=\"https:\/\/cke.gov.pl\/images\/_EGZAMIN_MATURALNY_OD_2015\/Komunikaty\/2023\/20220920%20Adres%20ZIU.pdf\">Informacje w sprawie sk\u0142adania deklaracji przyst\u0105pienia do egzaminu maturalnego w postaci elektronicznej<\/a><\/li>\n<\/ul>\n\n\n\n<div class=\"wp-block-buttons is-content-justification-center is-layout-flex wp-container-core-buttons-is-layout-16018d1d wp-block-buttons-is-layout-flex\">\n<div class=\"wp-block-button has-custom-width wp-block-button__width-25 is-style-outline is-style-outline--1\"><a class=\"wp-block-button__link has-black-color has-text-color has-background has-text-align-center wp-element-button\" href=\"https:\/\/ziu.gov.pl\/login\" style=\"background-color:#e3e6ea\" target=\"_blank\" rel=\"noreferrer noopener\">Z\u0142\u00f3\u017c deklaracj\u0119<\/a><\/div>\n<\/div>\n\n\n\n<ul class=\"wp-block-list\">\n<li><a href=\"https:\/\/lowarka.pl\/nowa\/wp-content\/uploads\/2026\/04\/Komunikat-o-harmonogramie-2026.pdf\">Harmonogram egzaminu maturalnego 2025\/26 r.<\/a><\/li>\n<\/ul>\n\n\n\n<ul class=\"wp-block-list\">\n<li><a href=\"https:\/\/cke.gov.pl\/images\/_EGZAMIN_MATURALNY_OD_2023\/komunikaty\/2026\/komunikaty\/20251010%20EM%20Komunikat%20o%20dostosowaniach%202026_aktualizacja.pdf\" data-type=\"URL\" data-id=\"https:\/\/lowarka.pl\/nowa\/wp-content\/uploads\/2023\/04\/20220819-EM-2023-Komunikat-o-dostosowaniach.pdf\" target=\"_blank\" rel=\"noreferrer noopener\">Komunikat o dostosowaniach 2025\/26 r.<\/a> <\/li>\n<\/ul>\n\n\n\n<ul class=\"wp-block-list\">\n<li><a href=\"https:\/\/bip.cke.gov.pl\/attachments\/download\/10112\" data-type=\"URL\" data-id=\"https:\/\/lowarka.pl\/nowa\/wp-content\/uploads\/2023\/04\/20230301-Lista-jawnych-zadan-JEZYK-POLSKI-2023-Aneks_2.pdf\" target=\"_blank\" rel=\"noreferrer noopener\">Lista zada\u0144 jawnych j\u0119zyk polski matura 2025\/26 r.<\/a><\/li>\n<\/ul>\n\n\n\n<ul class=\"wp-block-list\">\n<li><a href=\"https:\/\/lowarka.pl\/nowa\/wp-content\/uploads\/2026\/04\/Komunikat-o-przyborach-2026.pdf\" target=\"_blank\" rel=\"noreferrer noopener\">Komunikat o materia\u0142ach i przyborach pomocniczych w 2025\/26 r.<\/a><\/li>\n<\/ul>\n\n\n\n<ul class=\"wp-block-list\">\n<li><a href=\"http:\/\/cke.gov.pl\/images\/_EGZAMIN_MATURALNY_OD_2023\/komunikaty\/2026\/komunikaty\/20250820%20EM%20Komunikat%20o%20egzaminie%20z%20informatyki%202026.pdf\" data-type=\"URL\" data-id=\"https:\/\/cke.gov.pl\/images\/_KOMUNIKATY\/20220819%20EM%202023%20Komunikat%20o%20egzaminie%20z%20informatyki.pdf\" target=\"_blank\" rel=\"noreferrer noopener\">Komunikat o egzaminie maturalnym z informatyki w 2025\/26 r.<\/a><\/li>\n<\/ul>\n\n\n\n<ul class=\"wp-block-list\">\n<li><a href=\"https:\/\/cke.gov.pl\/images\/_EGZAMIN_MATURALNY_OD_2015\/Komunikaty\/2026\/komunikaty\/20251010%20EM%202026%20Informacja%20Aktualizacja.pdf\">Informacja o sposobie organizacji i przeprowadzania egzaminu maturalnego w 2025\/26 r.<\/a><\/li>\n<\/ul>\n\n\n\n<h4 class=\"wp-block-heading has-background\" style=\"background-color:#eff3f9;font-style:normal;font-weight:900\">LINKI DLA MATURZYST\u00d3W<\/h4>\n\n\n\n<ul class=\"wp-block-list\">\n<li><a rel=\"noreferrer noopener\" href=\"https:\/\/www.cke.gov.pl\/\" target=\"_blank\">Centralna Komisja Egzaminacyjna<\/a><\/li>\n<\/ul>\n\n\n\n<ul class=\"wp-block-list\">\n<li><a rel=\"noreferrer noopener\" href=\"http:\/\/www.oke.waw.pl\/\" target=\"_blank\">Okr\u0119gowa Komisja Egzaminacyjna<\/a><\/li>\n<\/ul>\n\n\n\n<ul class=\"wp-block-list\">\n<li><a href=\"https:\/\/cke.gov.pl\/egzamin-maturalny\/egzamin-maturalny-w-formule-2023\/informatory\/\" target=\"_blank\" rel=\"noreferrer noopener\">Informatory (wymagania, arkusze z rozwi\u0105zaniami, tablice)<\/a><br><br><\/li>\n\n\n\n<li><a href=\"https:\/\/cke.gov.pl\/egzamin-maturalny\/egzamin-maturalny-w-formule-2023\/materialy-dodatkowe\/\" target=\"_blank\" rel=\"noreferrer noopener\">Arkusze diagnostyczne CKE<\/a><br><br><\/li>\n\n\n\n<li><a href=\"https:\/\/cke.gov.pl\/egzamin-maturalny\/egzamin-maturalny-w-formule-2023\/materialy-dodatkowe\/stres-egzaminacyjny-materialy-dla-uczniow-rodzicow-i-nauczycieli\/.\">Stres Egzaminacyjny<br><\/a><\/li>\n<\/ul>\n\n\n\n<h4 class=\"wp-block-heading has-black-color has-text-color has-background\" style=\"background-color:#eff3f9\"><strong>POWT\u00d3RKI DO  EGZAMIN\u00d3W MATURALNYCH<\/strong><\/h4>\n\n\n\n<p>Projekt matematyczny <strong>\u201eMath Dream\u201d<\/strong>  dla nauczycieli matematyki oraz uczni\u00f3w realizuj\u0105cych zakres rozszerzony z matematyki. Wszystkie materia\u0142y edukacyjne, jak i tre\u015bci s\u0105 i b\u0119d\u0105 absolutnie darmowe.&nbsp;<\/p>\n\n\n\n<p>Zak\u0142ada on przerobienie najbardziej problematycznych dzia\u0142\u00f3w matematyki pod k\u0105tem matury rozszerzonej w serwisie Internetowym YouTube.&nbsp;<br>Link gdzie b\u0119d\u0105 zamieszczane materia\u0142y:<br><a href=\"https:\/\/www.youtube.com\/channel\/UC2SxDx2gbKETga-OZcWMTeA\">https:\/\/www.youtube.com\/channel\/UC2SxDx2gbKETga-OZcWMTeA<\/a><\/p>\n\n\n\n<p>Zamieszczane b\u0119d\u0105 filmy teoretyczne wraz z zadaniami. W planie jest r\u00f3wnie\u017c przerobienie poszczeg\u00f3lnych etap\u00f3w Olimpiady o Diamentowy Indeks AGH, a tak\u017ce seria otwartych webinar\u00f3w.&nbsp;<\/p>\n\n\n\n<h4 class=\"wp-block-heading has-text-align-left has-black-color has-text-color has-background\" style=\"background-color:#eff3f9\">PR\u00d3BNE MATURY I INDEKSY UCZELNI<\/h4>\n\n\n\n<blockquote class=\"wp-block-quote is-layout-flow wp-block-quote-is-layout-flow\">\n<p>Politechnika \u0141\u00f3dzka przygotowa\u0142a kolejne rozdanie&nbsp;<strong>bezp\u0142atnych matur pr\u00f3bnych<\/strong>&nbsp;z&nbsp;matematyki, fizyki, chemii oraz informatyki. Ka\u017cdy maturzysta mo\u017ce przyst\u0105pi\u0107 do rozwiazywania test\u00f3w online na platformie&nbsp;<a rel=\"noreferrer noopener\" href=\"http:\/\/www.infimat.p.lodz.pl\/\" target=\"_blank\">www.infimat.p.lodz.pl<\/a>. <\/p>\n\n\n\n<blockquote class=\"wp-block-quote is-layout-flow wp-block-quote-is-layout-flow\">\n<p>Arkusze b\u0119d\u0105 r\u00f3wnie\u017c dost\u0119pne na stronie internetowej Wydzia\u0142u Elektrotechniki, Elektroniki, Informatyki i Automatyki Politechniki \u0141\u00f3dzkiej&nbsp;<a rel=\"noreferrer noopener\" href=\"http:\/\/www.weeia.p.lodz.pl\/\" target=\"_blank\">www.weeia.p.lodz.pl<\/a>&nbsp;w zak\u0142adce konkursy i matury. <\/p>\n\n\n\n<p>Na platformie&nbsp;<a rel=\"noreferrer noopener\" href=\"http:\/\/infimat.p.lodz.pl\/\" target=\"_blank\">infimat.p.lodz.pl<\/a>&nbsp;do ko\u0144ca miesi\u0105ca mo\u017cna zapisa\u0107 si\u0119 do konkursu z przedmiot\u00f3w \u015bcis\u0142ych&nbsp;<strong>dla uczni\u00f3w szk\u00f3l ponadpodstawowych<\/strong>&nbsp;czekaj\u0105 sesje konkursowe z fizyki i matematyki &#8211;&nbsp;<strong>First Step to Nobel Prize<\/strong>&nbsp;oraz&nbsp;<strong>First Step to Fields Medal<\/strong>. Dla laureat\u00f3w tych konkurs\u00f3w przewidziana jest \u015bcie\u017cka otrzymania indeksu Politechniki \u0141\u00f3dzkiej z pomini\u0119ciem post\u0119powania kwalifikacyjnego. <\/p>\n\n\n\n<blockquote class=\"wp-block-quote is-layout-flow wp-block-quote-is-layout-flow\">\n<p>Regulaminy wszystkich konkurs\u00f3w znajduj\u0105 si\u0119 na stronie&nbsp;<a rel=\"noreferrer noopener\" href=\"http:\/\/www.weeia.p.lodz.pl\/\" target=\"_blank\">www.weeia.p.lodz.pl<\/a>&nbsp;zak\u0142adka konkursy i matury.<\/p>\n<\/blockquote>\n<\/blockquote>\n<\/blockquote>\n\n\n\n<div class=\"wp-block-columns is-layout-flex wp-container-core-columns-is-layout-9d6595d7 wp-block-columns-is-layout-flex\">\n<div class=\"wp-block-column is-layout-flow wp-block-column-is-layout-flow\"><\/div>\n<\/div>\n\n\n\n<h4 class=\"wp-block-heading has-background\" style=\"background-color:#eff3f9;font-style:normal;font-weight:900\">PORTALE DLA MATURZYST\u00d3W<\/h4>\n\n\n\n<ul class=\"wp-block-list\">\n<li>informacje o uczelniach &#8211; <a href=\"https:\/\/www.otouczelnie.pl\/s\/studia\">https:\/\/www.otouczelnie.pl\/s\/studia<\/a><\/li>\n\n\n\n<li>Typy studi\u00f3w \u2013 <a rel=\"noreferrer noopener\" href=\"https:\/\/opinieouczelniach.pl\/typy-studiow\" target=\"_blank\">https:\/\/opinieouczelniach.pl\/typy-studiow<\/a><\/li>\n\n\n\n<li>Kierunki studi\u00f3w&nbsp; \u2013 <a rel=\"noreferrer noopener\" href=\"https:\/\/opinieouczelniach.pl\/kierunki-studiow\" target=\"_blank\">https:\/\/opinieouczelniach.pl\/kierunki-studiow<\/a><\/li>\n\n\n\n<li>Studia w Polsce, wyszukiwarka uczelni \u2013 <a rel=\"noreferrer noopener\" href=\"https:\/\/opinieouczelniach.pl\/baza-uczelni\" target=\"_blank\">https:\/\/opinieouczelniach.pl\/baza-uczelni<\/a><\/li>\n\n\n\n<li>Studia za granic\u0105 \u2013 <a rel=\"noreferrer noopener\" href=\"https:\/\/studia-zagranica.opinieouczelniach.pl\/\" target=\"_blank\">https:\/\/studia-zagranica.opinieouczelniach.pl\/<\/a><\/li>\n\n\n\n<li>Katalog zawod\u00f3w \u2013 <a rel=\"noreferrer noopener\" href=\"https:\/\/opinieouczelniach.pl\/katalog-zawodow\" target=\"_blank\">https:\/\/opinieouczelniach.pl\/katalog-zawodow<\/a><\/li>\n\n\n\n<li>Miasta akademickie \u2013 <a rel=\"noreferrer noopener\" href=\"https:\/\/opinieouczelniach.pl\/w-jakim-miescie-studiowac\" target=\"_blank\">https:\/\/opinieouczelniach.pl\/w-jakim-miescie-studiowac<\/a><\/li>\n<\/ul>\n","protected":false},"excerpt":{"rendered":"<p>HARMONOGRAM EGZAMIN\u00d3W MATURALNYCH 2025\/2026 w LO WARKA Cz\u0119\u015b\u0107 pisemna egzaminu maturalnego Godzina 9:00 Godzina 14:00 4 maja\/poniedzia\u0142ek j\u0119zyk polski &#8211; pp &#8211; 5 maja\/wtorek matematyka &#8211; pp &#8211; 6 maja\/\u015broda j\u0119zyk angielski &#8211; pp &#8211; 7 maja\/czwartek angielski &#8211; pr &#8211; 8 maja\/pi\u0105tek biologia &#8211; pr &#8211; 11 maja\/poniedzia\u0142ek matematyka &#8211; pr &#8211; 12 [&hellip;]<\/p>\n","protected":false},"author":1,"featured_media":0,"parent":0,"menu_order":0,"comment_status":"closed","ping_status":"closed","template":"template-builder.php","meta":{"footnotes":""},"class_list":["post-133","page","type-page","status-publish","hentry"],"_links":{"self":[{"href":"https:\/\/lowarka.pl\/nowa\/wp-json\/wp\/v2\/pages\/133","targetHints":{"allow":["GET"]}}],"collection":[{"href":"https:\/\/lowarka.pl\/nowa\/wp-json\/wp\/v2\/pages"}],"about":[{"href":"https:\/\/lowarka.pl\/nowa\/wp-json\/wp\/v2\/types\/page"}],"author":[{"embeddable":true,"href":"https:\/\/lowarka.pl\/nowa\/wp-json\/wp\/v2\/users\/1"}],"replies":[{"embeddable":true,"href":"https:\/\/lowarka.pl\/nowa\/wp-json\/wp\/v2\/comments?post=133"}],"version-history":[{"count":43,"href":"https:\/\/lowarka.pl\/nowa\/wp-json\/wp\/v2\/pages\/133\/revisions"}],"predecessor-version":[{"id":7530,"href":"https:\/\/lowarka.pl\/nowa\/wp-json\/wp\/v2\/pages\/133\/revisions\/7530"}],"wp:attachment":[{"href":"https:\/\/lowarka.pl\/nowa\/wp-json\/wp\/v2\/media?parent=133"}],"curies":[{"name":"wp","href":"https:\/\/api.w.org\/{rel}","templated":true}]}}