{"id":129,"date":"2022-03-19T17:51:48","date_gmt":"2022-03-19T16:51:48","guid":{"rendered":"http:\/\/lowarka.pl\/nowa\/?page_id=129"},"modified":"2024-10-04T12:15:02","modified_gmt":"2024-10-04T10:15:02","slug":"bezpieczni-w-sieci","status":"publish","type":"page","link":"https:\/\/lowarka.pl\/nowa\/bezpieczni-w-sieci\/","title":{"rendered":"Bezpieczni w sieci"},"content":{"rendered":"\n<h4 class=\"wp-block-heading has-background\" style=\"background-color:#eff3f9;font-style:normal;font-weight:900\">BEZPIECZNI W SIECI<\/h4>\n\n\n\n<p>Poni\u017cej zamieszczamy wa\u017cne informacje oraz linki dotycz\u0105ce bezpiecznego korzystania z Internetu i urz\u0105dze\u0144 mobilnych<a href=\"https:\/\/www.youtube.com\/watch?v=h9uFQv3t1AU\">.<\/a><\/p>\n\n\n\n<div class=\"wp-block-columns is-layout-flex wp-container-core-columns-is-layout-9d6595d7 wp-block-columns-is-layout-flex\">\n<div class=\"wp-block-column is-layout-flow wp-block-column-is-layout-flow\"><div class=\"wp-block-image\">\n<figure class=\"aligncenter size-full\"><a href=\"https:\/\/www.nask.pl\" target=\"_blank\" rel=\"noopener\"><img fetchpriority=\"high\" decoding=\"async\" width=\"1024\" height=\"439\" src=\"http:\/\/lowarka.pl\/nowa\/wp-content\/uploads\/2022\/03\/nask_logo-1.png\" alt=\"\" class=\"wp-image-489\" srcset=\"https:\/\/lowarka.pl\/nowa\/wp-content\/uploads\/2022\/03\/nask_logo-1.png 1024w, https:\/\/lowarka.pl\/nowa\/wp-content\/uploads\/2022\/03\/nask_logo-1-300x129.png 300w, https:\/\/lowarka.pl\/nowa\/wp-content\/uploads\/2022\/03\/nask_logo-1-768x329.png 768w\" sizes=\"(max-width: 1024px) 100vw, 1024px\" \/><\/a><\/figure>\n<\/div><\/div>\n\n\n\n<div class=\"wp-block-column is-layout-flow wp-block-column-is-layout-flow\">\n<p class=\"has-text-align-left\"><strong>Pa\u0144stwowy Instytut Badawczy NASK<\/strong> realizuje zadania na rzecz bezpiecze\u0144stwa cyberprzestrzeni, zajmuj\u0105c si\u0119 wykrywaniem zagro\u017ce\u0144 i reagowaniem na incydenty sieciowe. Prowadzi badania naukowe i prace rozwojowe, a tak\u017ce wype\u0142nia misj\u0119 edukacyjn\u0105, przyczyniaj\u0105c si\u0119 do rozwoju spo\u0142ecze\u0144stwa informacyjnego oraz podnoszenia w\u015br\u00f3d u\u017cytkownik\u00f3w poziomu kompetencji cyfrowych i wiedzy o bezpiecze\u0144stwie w internecie.<\/p>\n<\/div>\n<\/div>\n\n\n\n<div class=\"wp-block-columns is-layout-flex wp-container-core-columns-is-layout-9d6595d7 wp-block-columns-is-layout-flex\">\n<div class=\"wp-block-column is-layout-flow wp-block-column-is-layout-flow\"><div class=\"wp-block-image\">\n<figure class=\"aligncenter size-full\"><a href=\"https:\/\/przestrzen.fb.com\/pl\" target=\"_blank\" rel=\"noopener\"><img decoding=\"async\" width=\"588\" height=\"211\" src=\"http:\/\/lowarka.pl\/nowa\/wp-content\/uploads\/2022\/03\/przestrzen_logo-1.png\" alt=\"\" class=\"wp-image-484\" srcset=\"https:\/\/lowarka.pl\/nowa\/wp-content\/uploads\/2022\/03\/przestrzen_logo-1.png 588w, https:\/\/lowarka.pl\/nowa\/wp-content\/uploads\/2022\/03\/przestrzen_logo-1-300x108.png 300w\" sizes=\"(max-width: 588px) 100vw, 588px\" \/><\/a><\/figure>\n<\/div><\/div>\n\n\n\n<div class=\"wp-block-column is-layout-flow wp-block-column-is-layout-flow\">\n<p><strong>Przestrze\u0144 from Facebook<\/strong> to centrum spo\u0142eczno\u015bci znajduj\u0105ce si\u0119 w Warszawie oraz nazwa og\u00f3lnopolskiego programu, kt\u00f3rego celem jest wspieranie spo\u0142eczno\u015bci Facebooka w Polsce. Przestrze\u0144 pomaga rozwija\u0107 kompetencje i walczy\u0107 z cyfrowym wykluczeniem. Organizuje szkolenia, warsztaty i spotkania ma\u0142ych i \u015brednich firm, organizacji spo\u0142ecznych, edukacyjnych i naukowych oraz wspiera inicjatywy u\u017cytkownik\u00f3w Facebooka.<\/p>\n<\/div>\n<\/div>\n\n\n\n<div class=\"wp-block-columns is-layout-flex wp-container-core-columns-is-layout-9d6595d7 wp-block-columns-is-layout-flex\">\n<div class=\"wp-block-column is-layout-flow wp-block-column-is-layout-flow\"><div class=\"wp-block-image\">\n<figure class=\"aligncenter size-full\"><a href=\"https:\/\/unicef.pl\/\" target=\"_blank\" rel=\"noopener\"><img decoding=\"async\" width=\"1024\" height=\"768\" src=\"http:\/\/lowarka.pl\/nowa\/wp-content\/uploads\/2022\/03\/unicef_logo.jpg\" alt=\"\" class=\"wp-image-481\" srcset=\"https:\/\/lowarka.pl\/nowa\/wp-content\/uploads\/2022\/03\/unicef_logo.jpg 1024w, https:\/\/lowarka.pl\/nowa\/wp-content\/uploads\/2022\/03\/unicef_logo-300x225.jpg 300w, https:\/\/lowarka.pl\/nowa\/wp-content\/uploads\/2022\/03\/unicef_logo-768x576.jpg 768w\" sizes=\"(max-width: 1024px) 100vw, 1024px\" \/><\/a><\/figure>\n<\/div><\/div>\n\n\n\n<div class=\"wp-block-column is-layout-flow wp-block-column-is-layout-flow\">\n<p><strong>UNICEF <\/strong>to wiod\u0105ca organizacja humanitarna i rozwojowa, dzia\u0142aj\u0105ca na rzecz dzieci od 73 lat. Obecna w 190 krajach. Dzia\u0142a w wioskach i z rz\u0105dami pa\u0144stw. Monitoruje sytuacj\u0119, reaguje w sytuacji kryzys\u00f3w humanitarnych. Stoi na stra\u017cy zapis\u00f3w Konwencji o prawach dziecka, bo ka\u017cde dziecko, niezale\u017cnie od miejsca urodzenia, koloru sk\u00f3ry i religii, ma prawo do zdrowego, bezpiecznego dzieci\u0144stwa.<\/p>\n<\/div>\n<\/div>\n","protected":false},"excerpt":{"rendered":"<p>BEZPIECZNI W SIECI Poni\u017cej zamieszczamy wa\u017cne informacje oraz linki dotycz\u0105ce bezpiecznego korzystania z Internetu i urz\u0105dze\u0144 mobilnych. Pa\u0144stwowy Instytut Badawczy NASK realizuje zadania na rzecz bezpiecze\u0144stwa cyberprzestrzeni, zajmuj\u0105c si\u0119 wykrywaniem zagro\u017ce\u0144 i reagowaniem na incydenty sieciowe. Prowadzi badania naukowe i prace rozwojowe, a tak\u017ce wype\u0142nia misj\u0119 edukacyjn\u0105, przyczyniaj\u0105c si\u0119 do rozwoju spo\u0142ecze\u0144stwa informacyjnego oraz [&hellip;]<\/p>\n","protected":false},"author":1,"featured_media":0,"parent":0,"menu_order":0,"comment_status":"closed","ping_status":"closed","template":"template-builder.php","meta":{"footnotes":""},"class_list":["post-129","page","type-page","status-publish","hentry"],"_links":{"self":[{"href":"https:\/\/lowarka.pl\/nowa\/wp-json\/wp\/v2\/pages\/129","targetHints":{"allow":["GET"]}}],"collection":[{"href":"https:\/\/lowarka.pl\/nowa\/wp-json\/wp\/v2\/pages"}],"about":[{"href":"https:\/\/lowarka.pl\/nowa\/wp-json\/wp\/v2\/types\/page"}],"author":[{"embeddable":true,"href":"https:\/\/lowarka.pl\/nowa\/wp-json\/wp\/v2\/users\/1"}],"replies":[{"embeddable":true,"href":"https:\/\/lowarka.pl\/nowa\/wp-json\/wp\/v2\/comments?post=129"}],"version-history":[{"count":9,"href":"https:\/\/lowarka.pl\/nowa\/wp-json\/wp\/v2\/pages\/129\/revisions"}],"predecessor-version":[{"id":5797,"href":"https:\/\/lowarka.pl\/nowa\/wp-json\/wp\/v2\/pages\/129\/revisions\/5797"}],"wp:attachment":[{"href":"https:\/\/lowarka.pl\/nowa\/wp-json\/wp\/v2\/media?parent=129"}],"curies":[{"name":"wp","href":"https:\/\/api.w.org\/{rel}","templated":true}]}}