{"id":11,"date":"2022-03-15T14:44:07","date_gmt":"2022-03-15T13:44:07","guid":{"rendered":"http:\/\/lowarka.pl\/nowa\/?page_id=11"},"modified":"2024-02-28T14:16:24","modified_gmt":"2024-02-28T13:16:24","slug":"absolwenci","status":"publish","type":"page","link":"https:\/\/lowarka.pl\/nowa\/absolwenci\/","title":{"rendered":"Absolwenci"},"content":{"rendered":"\n<h3 class=\"wp-block-heading has-background\" style=\"background-color:#eff3f9;font-style:normal;font-weight:900\">LOSY ABSOLWENT\u00d3W<\/h3>\n\n\n\n<p>Drodzy Absolwenci!<\/p>\n\n\n\n<p>Dopiero po sko\u0144czeniu szko\u0142y i skonfrontowaniu tego, czego ona nas nauczy\u0142a, z tym, czego potrzeba w doros\u0142ym \u017cyciu, mo\u017cna oceni\u0107, w jaki spos\u00f3b szko\u0142\u0105 wype\u0142ni\u0142a swoj\u0105 rol\u0119.<\/p>\n\n\n\n<p>Dlatego te\u017c w trosce o dobro nast\u0119pnych pokole\u0144 opuszczaj\u0105cych mury Naszej Szko\u0142y zwracamy si\u0119 do Was z pro\u015bb\u0105 o udzia\u0142 w badaniu i <strong>wype\u0142nienie niniejszej ankiety<\/strong>. Wyniki zostan\u0105 wykorzystane wy\u0142\u0105cznie do cel\u00f3w statystycznych, jako wytyczne do dalszej naszej pracy, a przede wszystkim pozwol\u0105 Dyrekcji i Nauczycielom Liceum w Warce na podniesienie jako\u015bci kszta\u0142cenia i wychowania w Naszej Szkole.<\/p>\n\n\n\n<p>Ankieta jest w pe\u0142ni anonimowa.<\/p>\n\n\n\n<div class=\"wp-block-columns is-layout-flex wp-container-core-columns-is-layout-9d6595d7 wp-block-columns-is-layout-flex\">\n<div class=\"wp-block-column is-layout-flow wp-block-column-is-layout-flow\" style=\"flex-basis:100%\">\n<div class=\"wp-block-columns is-layout-flex wp-container-core-columns-is-layout-9d6595d7 wp-block-columns-is-layout-flex\">\n<div class=\"wp-block-column has-background is-layout-flow wp-block-column-is-layout-flow\" style=\"background-color:#eff3f9;flex-basis:66.66%\">\n<p class=\"has-text-align-center\"><strong>PROSIMY O WYPE\u0141NIENIE ANKIETY<\/strong><\/p>\n<\/div>\n\n\n\n<div class=\"wp-block-column is-vertically-aligned-center is-layout-flow wp-block-column-is-layout-flow\" style=\"flex-basis:33.33%\">\n<div class=\"wp-block-buttons is-layout-flex wp-block-buttons-is-layout-flex\">\n<div class=\"wp-block-button has-custom-width wp-block-button__width-50 has-custom-font-size is-style-outline is-style-outline--1\" style=\"font-size:10px\"><a class=\"wp-block-button__link has-black-color has-text-color has-background wp-element-button\" href=\"https:\/\/forms.office.com\/Pages\/ResponsePage.aspx?id=kf4kB71tBUupWYgoI55Pl0LmaFAyfdhDgMQYW7IOCyhUMTNXTkxQRVFNRVZOSENDNVVTUUtYNEdVWC4u\" style=\"background-color:#eff3f9\">OTW\u00d3RZ<\/a><\/div>\n<\/div>\n<\/div>\n<\/div>\n<\/div>\n<\/div>\n\n\n\n<p>Serdecznie dzi\u0119kujemy za wype\u0142nienie ankiety i \u017cyczymy naszym absolwentom sukces\u00f3w w \u017cyciu osobistym i zawodowym.<\/p>\n\n\n\n<p>Je\u015bli jeste\u015b absolwentem LO w Warce i chcia\u0142by\u015b podzieli\u0107 si\u0119 wspomnieniami ze szkolnych lat oraz tym, w jaki spos\u00f3b szko\u0142a umo\u017cliwia\u0142a Ci rozw\u00f3j kariery zawodowej, to prosimy o kontakt mailowy na adres: liceumwarka@o2.pl<\/p>\n\n\n\n<h5 class=\"wp-block-heading\"><a rel=\"noreferrer noopener\" href=\"https:\/\/forms.office.com\/Pages\/ResponsePage.aspx?id=kf4kB71tBUupWYgoI55Pl0LmaFAyfdhDgMQYW7IOCyhUMTNXTkxQRVFNRVZOSENDNVVTUUtYNEdVWC4u\" target=\"_blank\"><\/a><\/h5>\n\n\n\n<h5 class=\"wp-block-heading\"><a rel=\"noreferrer noopener\" href=\"https:\/\/forms.office.com\/Pages\/ResponsePage.aspx?id=kf4kB71tBUupWYgoI55Pl0LmaFAyfdhDgMQYW7IOCyhUMTNXTkxQRVFNRVZOSENDNVVTUUtYNEdVWC4u\" target=\"_blank\"><\/a><\/h5>\n\n\n\n<h5 class=\"wp-block-heading\"><a href=\"https:\/\/forms.office.com\/Pages\/ResponsePage.aspx?id=kf4kB71tBUupWYgoI55Pl0LmaFAyfdhDgMQYW7IOCyhUMTNXTkxQRVFNRVZOSENDNVVTUUtYNEdVWC4u\" target=\"_blank\" rel=\"noreferrer noopener\"><\/a><\/h5>\n\n\n\n<p><\/p>\n","protected":false},"excerpt":{"rendered":"<p>LOSY ABSOLWENT\u00d3W Drodzy Absolwenci! Dopiero po sko\u0144czeniu szko\u0142y i skonfrontowaniu tego, czego ona nas nauczy\u0142a, z tym, czego potrzeba w doros\u0142ym \u017cyciu, mo\u017cna oceni\u0107, w jaki spos\u00f3b szko\u0142\u0105 wype\u0142ni\u0142a swoj\u0105 rol\u0119. Dlatego te\u017c w trosce o dobro nast\u0119pnych pokole\u0144 opuszczaj\u0105cych mury Naszej Szko\u0142y zwracamy si\u0119 do Was z pro\u015bb\u0105 o udzia\u0142 w badaniu i [&hellip;]<\/p>\n","protected":false},"author":1,"featured_media":0,"parent":0,"menu_order":0,"comment_status":"closed","ping_status":"closed","template":"template-builder.php","meta":{"footnotes":""},"class_list":["post-11","page","type-page","status-publish","hentry"],"_links":{"self":[{"href":"https:\/\/lowarka.pl\/nowa\/wp-json\/wp\/v2\/pages\/11","targetHints":{"allow":["GET"]}}],"collection":[{"href":"https:\/\/lowarka.pl\/nowa\/wp-json\/wp\/v2\/pages"}],"about":[{"href":"https:\/\/lowarka.pl\/nowa\/wp-json\/wp\/v2\/types\/page"}],"author":[{"embeddable":true,"href":"https:\/\/lowarka.pl\/nowa\/wp-json\/wp\/v2\/users\/1"}],"replies":[{"embeddable":true,"href":"https:\/\/lowarka.pl\/nowa\/wp-json\/wp\/v2\/comments?post=11"}],"version-history":[{"count":18,"href":"https:\/\/lowarka.pl\/nowa\/wp-json\/wp\/v2\/pages\/11\/revisions"}],"predecessor-version":[{"id":4839,"href":"https:\/\/lowarka.pl\/nowa\/wp-json\/wp\/v2\/pages\/11\/revisions\/4839"}],"wp:attachment":[{"href":"https:\/\/lowarka.pl\/nowa\/wp-json\/wp\/v2\/media?parent=11"}],"curies":[{"name":"wp","href":"https:\/\/api.w.org\/{rel}","templated":true}]}}