{"id":108,"date":"2022-03-19T17:49:05","date_gmt":"2022-03-19T16:49:05","guid":{"rendered":"http:\/\/lowarka.pl\/nowa\/?page_id=108"},"modified":"2024-02-28T14:16:32","modified_gmt":"2024-02-28T13:16:32","slug":"projekty","status":"publish","type":"page","link":"https:\/\/lowarka.pl\/nowa\/projekty\/","title":{"rendered":"Projekty"},"content":{"rendered":"\n<h4 class=\"wp-block-heading has-background\" style=\"background-color:#eff3f9\">TYDZIE\u0143 \u017bYCZLIWO\u015aCI I BEZPIECZNEGO INTERNETU<\/h4>\n\n\n\n<p><strong>Autorzy<\/strong>: Honorata Norberciak, Joanna Le\u015bnowolska oraz uczniowie klas 1b, 1d, 1c<\/p>\n\n\n\n<p><strong>Temat<\/strong>: &#8222;Tydzie\u0144 \u017byczliwo\u015bci i Bezpiecznego Internetu&#8221;<\/p>\n\n\n\n<p><strong>Czas trwani<\/strong>a: 20.11.23 &#8211; 25.11.23<\/p>\n\n\n\n<p><strong>Cele projektu<\/strong>: <br>&#8211; Odpowiedzialne korzystanie z Internetu,<br>-Ochrona w\u0142asnego wizerunku w sieci i bezpiecze\u0144stwa online<br>-W\u0142a\u015bciwe reagowanie na e-przemoc.<\/p>\n\n\n\n<p><strong>Opis projektu:<\/strong> <br><strong>W pierwszej cz\u0119\u015bci<\/strong> dzia\u0142a\u0144 uczniowie wszystkich klas pierwszych uczestniczyli w e-szkoleniach na temat:<br>-Anonimowo\u015b\u0107 w sieci<br>-Cyberprzemoc w grach internetowcych<br>-Przy\u015bmiewcze serwisy internetowe<br>-Tw\u00f3rca w sieci<br>-Kompromituj\u0105ce nagrania <br>Uczniowie mieli mo\u017cliwo\u015b\u0107 udzia\u0142u w konferencjach online dotycz\u0105cych bezpiecze\u0144stwa dzieci i m\u0142odzie\u017cy.<br>Na lekcjach informatyki odby\u0142y si\u0119 pogadanki na temat tworzenia wizerunku w sieci i jego wp\u0142ywu na p\u00f3\u017aniejsze \u017cycie.<br><strong>W drugiej cz\u0119\u015bci<\/strong> projektu w szkole odby\u0142y si\u0119 dzia\u0142ania happingowe. Zosta\u0142a zorganizowana fotobudka, mi\u0119dzyklasowy konkurs wiedzy o cyberbezpiecze\u0144stwie, pozdrowienia we wszystkich j\u0119zykach \u015bwiata oraz we wszystkich salach lekcyjnych pojawi\u0142y si\u0119 has\u0142a motywuj\u0105ce.<\/p>\n\n\n\n<p><a href=\"https:\/\/lowarka.pl\/nowa\/2023\/12\/13\/zyczliwie-w-naszym-lo\/\"><strong>Czytaj wi\u0119cej<\/strong><\/a><\/p>\n\n\n\n<h4 class=\"wp-block-heading has-background\" style=\"background-color:#eff3f9;font-style:normal;font-weight:900\">PRZEDSZKOLAKI W LICEUM<\/h4>\n\n\n\n<p><strong>Autorzy:<\/strong> Teresa Ciak<\/p>\n\n\n\n<p><strong>Temat:<\/strong> &#8222;Przedszkolaki w Liceum&#8221;<\/p>\n\n\n\n<p><strong>Czas trwania:<\/strong> II semestr <\/p>\n\n\n\n<p><strong>Opis projektu:<\/strong> <strong>Etap pierwszy:<\/strong> Przygotowanie przez Pani\u0105 Teres\u0119 Ciak uczni\u00f3w LO im. Piotra Wysockiego w Warce do wykonywania do\u015bwiadcze\u0144 podczas pokazu. <strong>Etap drugi:<\/strong> Udzia\u0142 dzieci z Przedszkola Samorz\u0105dowego nr 1 w Warce w pokazie do\u015bwiadcze\u0144 chemicznych. Przeprowadzanie eksperyment\u00f3w przez przedszkolaki pod kierunkiem Pani Teresy Ciak oraz uczni\u00f3w LO Warka. <\/p>\n\n\n\n<p><a href=\"https:\/\/lowarka.pl\/nowa\/2022\/06\/20\/misie-z-przedszkola-samorzadowego-nr-1-w-warce-w-lo\/\" data-type=\"URL\" data-id=\"https:\/\/lowarka.pl\/nowa\/2022\/06\/20\/misie-z-przedszkola-samorzadowego-nr-1-w-warce-w-lo\/\" target=\"_blank\" rel=\"noreferrer noopener\"><strong>Czytaj wi\u0119cej<\/strong><\/a><\/p>\n\n\n\n<p><\/p>\n\n\n\n<h4 class=\"wp-block-heading has-background\" style=\"background-color:#eff3f9;font-style:normal;font-weight:900\">TYDZIE\u0143 NETYKIETY<\/h4>\n\n\n\n<p><strong>Autorzy:<\/strong> Oliwia Ko\u0142odziejska, Julia Or\u0142owska, Marta Chmielewska pod nadzorem Honoraty Norberciak<\/p>\n\n\n\n<p><strong>Temat:<\/strong> &#8222;Tydzie\u0144 Netykiety&#8221;<\/p>\n\n\n\n<p><strong>Czas trwania:<\/strong> 06.06.2022 \u2013 10.06.2022<\/p>\n\n\n\n<p><strong>Opis projektu:<\/strong> <strong>Pierwszego dnia<\/strong> uczniowie zostali zapoznani z poj\u0119ciem \u201enetykieta\u201d i og\u0142oszony zosta\u0142 konkurs na najlepszy plakat \u201eHejt w Internecie! Jak sobie z nim radzi\u0107?\u201d, kt\u00f3rego zwyci\u0119zc\u00f3w og\u0142oszono w pi\u0105tek. <strong>Drugiego dnia<\/strong> ka\u017cda osoba mog\u0142a wzi\u0105\u0107 udzia\u0142 w ankiecie badaj\u0105cej do\u015bwiadczenia uczni\u00f3w z hejtem. Jej wyniki udost\u0119pniono ostatniego dnia projektu. <strong>Trzeciego dnia<\/strong> uczniowie tworzyli plakaty konkursowe. <strong>Czwartego dnia<\/strong> organizatorzy przygotowali motywuj\u0105ce has\u0142a, do losowania kt\u00f3rych zostali zaproszeni wszyscy uczniowie oraz pracownicy szko\u0142y.<\/p>\n\n\n\n<p><a rel=\"noreferrer noopener\" href=\"https:\/\/lowarka.pl\/nowa\/2022\/06\/21\/tydzien-netykiety\/\" target=\"_blank\"><strong>Czytaj wi\u0119cej<\/strong><\/a><\/p>\n\n\n\n<div style=\"height:33px\" aria-hidden=\"true\" class=\"wp-block-spacer\"><\/div>\n\n\n\n<h4 class=\"wp-block-heading has-background\" style=\"background-color:#eff3f9;font-style:normal;font-weight:900\">TYDZIE\u0143 \u017bYCZLIWO\u015aCI<\/h4>\n\n\n\n<p><strong>Autorzy:<\/strong> Weronika Mu\u0107ka, Ewa Alberska, Kinga Bia\u0142osk\u00f3rska, Zuzanna Janowska pod nadzorem Honoraty Norberciak<\/p>\n\n\n\n<p><strong>Temat:<\/strong> &#8222;Tydzie\u0144 \u017byczliwo\u015bci&#8221;<\/p>\n\n\n\n<p><strong>Czas trwania:<\/strong> 04.10.2021 \u2013 108.10.2021<\/p>\n\n\n\n<p><strong>Opis projektu:<\/strong> <strong>Pierwszego dnia<\/strong> szko\u0142\u0119 ozdobiono kolorowymi balonami i motywuj\u0105cymi has\u0142ami. <strong>Drugiego dnia<\/strong> organizatorzy przygotowali kr\u00f3tkie my\u015bli na dobry dzie\u0144, do losowania kt\u00f3rych zostali zaproszeni wszyscy uczniowie oraz pracownicy szko\u0142y. <strong>Trzeciego dnia<\/strong> przeprowadzono ankiet\u0119, kt\u00f3ra dotyczy\u0142a mowy nienawi\u015bci. <strong>Czwartego dnia<\/strong> na szkolnych korytarzach pojawi\u0142y si\u0119 brystole, na kt\u00f3rych ka\u017cdy ucze\u0144 m\u00f3g\u0142 napisa\u0107, b\u0105d\u017a namalowa\u0107 co\u015b, co stanie si\u0119 motywacj\u0105 dla innych. <strong>Pi\u0105tego dnia<\/strong> ka\u017cdy dosta\u0142 wyzwanie &#8211; wylosowa\u0107 dan\u0105 osob\u0119 z klasy, a potem zrobi\u0107 sobie z ni\u0105 zdj\u0119cie, u\u015bmiechn\u0105\u0107 si\u0119 do niej, czy j\u0105 przytuli\u0107. Pojawi\u0142y si\u0119 tak\u017ce skrzynki z jab\u0142kami dla wszystkich uczni\u00f3w.<\/p>\n\n\n\n<p><a href=\"https:\/\/lowarka.pl\/nowa\/2022\/01\/22\/tydzien-zyczliwosci\/\"><strong>Czytaj wi\u0119cej<\/strong><\/a><\/p>\n","protected":false},"excerpt":{"rendered":"<p>TYDZIE\u0143 \u017bYCZLIWO\u015aCI I BEZPIECZNEGO INTERNETU Autorzy: Honorata Norberciak, Joanna Le\u015bnowolska oraz uczniowie klas 1b, 1d, 1c Temat: &#8222;Tydzie\u0144 \u017byczliwo\u015bci i Bezpiecznego Internetu&#8221; Czas trwania: 20.11.23 &#8211; 25.11.23 Cele projektu: &#8211; Odpowiedzialne korzystanie z Internetu,-Ochrona w\u0142asnego wizerunku w sieci i bezpiecze\u0144stwa online-W\u0142a\u015bciwe reagowanie na e-przemoc. Opis projektu: W pierwszej cz\u0119\u015bci dzia\u0142a\u0144 uczniowie wszystkich klas pierwszych [&hellip;]<\/p>\n","protected":false},"author":1,"featured_media":0,"parent":0,"menu_order":0,"comment_status":"closed","ping_status":"closed","template":"template-builder.php","meta":{"footnotes":""},"class_list":["post-108","page","type-page","status-publish","hentry"],"_links":{"self":[{"href":"https:\/\/lowarka.pl\/nowa\/wp-json\/wp\/v2\/pages\/108","targetHints":{"allow":["GET"]}}],"collection":[{"href":"https:\/\/lowarka.pl\/nowa\/wp-json\/wp\/v2\/pages"}],"about":[{"href":"https:\/\/lowarka.pl\/nowa\/wp-json\/wp\/v2\/types\/page"}],"author":[{"embeddable":true,"href":"https:\/\/lowarka.pl\/nowa\/wp-json\/wp\/v2\/users\/1"}],"replies":[{"embeddable":true,"href":"https:\/\/lowarka.pl\/nowa\/wp-json\/wp\/v2\/comments?post=108"}],"version-history":[{"count":21,"href":"https:\/\/lowarka.pl\/nowa\/wp-json\/wp\/v2\/pages\/108\/revisions"}],"predecessor-version":[{"id":4836,"href":"https:\/\/lowarka.pl\/nowa\/wp-json\/wp\/v2\/pages\/108\/revisions\/4836"}],"wp:attachment":[{"href":"https:\/\/lowarka.pl\/nowa\/wp-json\/wp\/v2\/media?parent=108"}],"curies":[{"name":"wp","href":"https:\/\/api.w.org\/{rel}","templated":true}]}}