{"id":104,"date":"2022-03-19T17:49:05","date_gmt":"2022-03-19T16:49:05","guid":{"rendered":"http:\/\/lowarka.pl\/nowa\/?page_id=104"},"modified":"2026-02-16T14:05:07","modified_gmt":"2026-02-16T13:05:07","slug":"biblioteka","status":"publish","type":"page","link":"https:\/\/lowarka.pl\/nowa\/biblioteka\/","title":{"rendered":"Biblioteka"},"content":{"rendered":"\n<h4 class=\"wp-block-heading has-background\" style=\"background-color:#eff3f9;font-style:normal;font-weight:900\">BIBLIOTEKA<\/h4>\n\n\n\n<hr class=\"wp-block-separator has-css-opacity\"\/>\n\n\n\n<p class=\"has-text-align-center\"><strong>Godziny pracy biblioteki  w roku szkolnym 2025\/26<\/strong><\/p>\n\n\n\n<hr class=\"wp-block-separator has-css-opacity\"\/>\n\n\n\n<div class=\"wp-block-columns is-layout-flex wp-container-core-columns-is-layout-9d6595d7 wp-block-columns-is-layout-flex\">\n<div class=\"wp-block-column is-layout-flow wp-block-column-is-layout-flow\" style=\"flex-basis:100%\">\n<figure class=\"wp-block-table\"><table class=\"has-fixed-layout\"><tbody><tr><td class=\"has-text-align-center\" data-align=\"center\">Poniedzia\u0142ek<\/td><td class=\"has-text-align-center\" data-align=\"center\">Wtorek<\/td><td class=\"has-text-align-center\" data-align=\"center\">\u015aroda <\/td><td class=\"has-text-align-center\" data-align=\"center\">Czwartek <\/td><td class=\"has-text-align-center\" data-align=\"center\">Pi\u0105tek<\/td><\/tr><tr><td class=\"has-text-align-center\" data-align=\"center\">13.25-15.45<\/td><td class=\"has-text-align-center\" data-align=\"center\">10.35-14.15<\/td><td class=\"has-text-align-center\" data-align=\"center\">8.50-10.40<\/td><td class=\"has-text-align-center\" data-align=\"center\"><\/td><td class=\"has-text-align-center\" data-align=\"center\">13.25-15.30<\/td><\/tr><tr><td class=\"has-text-align-center\" data-align=\"center\"><\/td><td class=\"has-text-align-center\" data-align=\"center\"><\/td><td class=\"has-text-align-center\" data-align=\"center\">13.25-15.45<\/td><td class=\"has-text-align-center\" data-align=\"center\"><\/td><td class=\"has-text-align-center\" data-align=\"center\"><\/td><\/tr><\/tbody><\/table><\/figure>\n<\/div>\n<\/div>\n\n\n\n<p><\/p>\n","protected":false},"excerpt":{"rendered":"<p>BIBLIOTEKA Godziny pracy biblioteki w roku szkolnym 2025\/26 Poniedzia\u0142ek Wtorek \u015aroda Czwartek Pi\u0105tek 13.25-15.45 10.35-14.15 8.50-10.40 13.25-15.30 13.25-15.45<\/p>\n","protected":false},"author":1,"featured_media":0,"parent":0,"menu_order":0,"comment_status":"closed","ping_status":"closed","template":"template-builder.php","meta":{"footnotes":""},"class_list":["post-104","page","type-page","status-publish","hentry"],"_links":{"self":[{"href":"https:\/\/lowarka.pl\/nowa\/wp-json\/wp\/v2\/pages\/104","targetHints":{"allow":["GET"]}}],"collection":[{"href":"https:\/\/lowarka.pl\/nowa\/wp-json\/wp\/v2\/pages"}],"about":[{"href":"https:\/\/lowarka.pl\/nowa\/wp-json\/wp\/v2\/types\/page"}],"author":[{"embeddable":true,"href":"https:\/\/lowarka.pl\/nowa\/wp-json\/wp\/v2\/users\/1"}],"replies":[{"embeddable":true,"href":"https:\/\/lowarka.pl\/nowa\/wp-json\/wp\/v2\/comments?post=104"}],"version-history":[{"count":34,"href":"https:\/\/lowarka.pl\/nowa\/wp-json\/wp\/v2\/pages\/104\/revisions"}],"predecessor-version":[{"id":7246,"href":"https:\/\/lowarka.pl\/nowa\/wp-json\/wp\/v2\/pages\/104\/revisions\/7246"}],"wp:attachment":[{"href":"https:\/\/lowarka.pl\/nowa\/wp-json\/wp\/v2\/media?parent=104"}],"curies":[{"name":"wp","href":"https:\/\/api.w.org\/{rel}","templated":true}]}}